{"id":32,"date":"2020-08-20T13:13:14","date_gmt":"2020-08-20T13:13:14","guid":{"rendered":"https:\/\/joyte.com.mx\/index.php\/about\/"},"modified":"2026-03-03T21:11:24","modified_gmt":"2026-03-03T21:11:24","slug":"nosotros","status":"publish","type":"page","link":"https:\/\/joyte.com.mx\/index.php\/nosotros\/","title":{"rendered":"Nosotros"},"content":{"rendered":"\n<div class=\"wp-block-uagb-container uagb-block-e251fbb0 alignfull uagb-is-root-container\"><div class=\"uagb-container-inner-blocks-wrap\">\n<div class=\"wp-block-cover alignfull is-light\"><span aria-hidden=\"true\" class=\"wp-block-cover__background has-background-dim-0 has-background-dim\"><\/span><img decoding=\"async\" loading=\"lazy\" width=\"1920\" height=\"1080\" class=\"wp-block-cover__image-background wp-image-1817\" alt=\"\" src=\"http:\/\/joyte.com.mx\/wp-content\/uploads\/2026\/03\/video-joite-2-2.png\" data-object-fit=\"cover\" srcset=\"https:\/\/joyte.com.mx\/wp-content\/uploads\/2026\/03\/video-joite-2-2.png 1920w, https:\/\/joyte.com.mx\/wp-content\/uploads\/2026\/03\/video-joite-2-2-300x169.png 300w, https:\/\/joyte.com.mx\/wp-content\/uploads\/2026\/03\/video-joite-2-2-1024x576.png 1024w, https:\/\/joyte.com.mx\/wp-content\/uploads\/2026\/03\/video-joite-2-2-768x432.png 768w, https:\/\/joyte.com.mx\/wp-content\/uploads\/2026\/03\/video-joite-2-2-1536x864.png 1536w\" sizes=\"(max-width: 1920px) 100vw, 1920px\" \/><div class=\"wp-block-cover__inner-container is-layout-flow wp-block-cover-is-layout-flow\">\n<div class=\"wp-block-uagb-info-box uagb-block-a2cb6464 uagb-infobox__content-wrap  uagb-infobox-icon-above-title uagb-infobox-image-valign-top\"><div class=\"uagb-ifb-content\"><div class=\"uagb-ifb-title-wrap\"><span class=\"uagb-ifb-title-prefix\">JOITE<\/span><h1 class=\"uagb-ifb-title\">NOSOTROS<\/h1><\/div><\/div><\/div>\n<\/div><\/div>\n<\/div><\/div>\n\n\n\n<div class=\"wp-block-uagb-advanced-heading uagb-block-fb8acf95\"><h5 class=\"uagb-heading-text\"> <strong>\u00bfQue hacemos?<\/strong><\/h5><\/div>\n\n\n\n<div class=\"wp-block-uagb-advanced-heading uagb-block-d54e06fb\"><p class=\"uagb-desc-text\">En JOITE nos dedicamos a la producci\u00f3n de sudaderas de la mas alta calidad 100% mexicanas, tanto la tela como la costura se producen y se fabrican en M\u00e9xico y lo hecho en M\u00e9xico esta bien hecho. <\/p><\/div>\n\n\n\n<div class=\"wp-block-uagb-container uagb-block-969801f8 alignfull uagb-is-root-container\"><div class=\"uagb-container-inner-blocks-wrap\">\n<div class=\"wp-block-uagb-container uagb-block-6631d557\">\n<div class=\"wp-block-uagb-info-box uagb-block-90285705 uagb-infobox__content-wrap  uagb-infobox-icon-above-title uagb-infobox-image-valign-top\"><div class=\"uagb-ifb-content\"><div class=\"uagb-ifb-title-wrap\"><span class=\"uagb-ifb-title-prefix\">Bienvenidos <\/span><h2 class=\"uagb-ifb-title\">\u00bfQuienes somos?<\/h2><\/div><div class=\"uagb-ifb-separator\"><\/div><\/div><\/div>\n<\/div>\n\n\n\n<div class=\"wp-block-uagb-container uagb-block-74bb755a\">\n<p><strong>Misi\u00f3n:<\/strong> Ayudar a nuestros clientes a alcanzar sus objetivos comerciales a trav\u00e9s de nuestros servicios de alta calidad y competitividad.<\/p>\n\n\n\n<div class=\"wp-block-uagb-advanced-heading uagb-block-7209bcbd\"><p class=\"uagb-desc-text\"><strong>Visi\u00f3n:<\/strong> Dar crecimiento organizacional a nuestros trabajadores con el fin de desarrollar su potencial y crecimiento como persona que a su vez brinde al negocio rentabilidad y crecimiento al largo plazo.<\/p><\/div>\n<\/div>\n<\/div><\/div>\n\n\n\n<div class=\"wp-block-uagb-container uagb-block-e4a6865a alignfull uagb-is-root-container\"><div class=\"uagb-container-inner-blocks-wrap\">\n<div class=\"wp-block-uagb-container uagb-block-06533d50\">\n<div class=\"wp-block-uagb-advanced-heading uagb-block-de1f572c\"><h3 class=\"uagb-heading-text\">VAlORES<\/h3><\/div>\n<\/div>\n\n\n\n<div class=\"wp-block-uagb-container uagb-block-8ff0a735\"><\/div>\n<\/div><\/div>\n\n\n\n<div class=\"wp-block-uagb-container uagb-block-89d91d36 alignfull uagb-is-root-container\"><div class=\"uagb-container-inner-blocks-wrap\">\n<div class=\"wp-block-uagb-container uagb-block-31271726\">\n<div class=\"wp-block-uagb-icon-list uagb-block-b4fbb844\"><div class=\"uagb-icon-list__wrap\">\n<div class=\"wp-block-uagb-icon-list-child uagb-block-069811aa\"><span class=\"uagb-icon-list__source-wrap\"><svg xmlns=\"https:\/\/www.w3.org\/2000\/svg\" viewBox=\"0 0 512 512\"><path d=\"M256 0C114.6 0 0 114.6 0 256c0 141.4 114.6 256 256 256s256-114.6 256-256C512 114.6 397.4 0 256 0zM406.6 278.6l-103.1 103.1c-12.5 12.5-32.75 12.5-45.25 0s-12.5-32.75 0-45.25L306.8 288H128C110.3 288 96 273.7 96 256s14.31-32 32-32h178.8l-49.38-49.38c-12.5-12.5-12.5-32.75 0-45.25s32.75-12.5 45.25 0l103.1 103.1C414.6 241.3 416 251.1 416 256C416 260.9 414.6 270.7 406.6 278.6z\"><\/path><\/svg><\/span><span class=\"uagb-icon-list__label\">Compromiso<\/span><\/div>\n\n\n\n<div class=\"wp-block-uagb-icon-list-child uagb-block-713f77de\"><span class=\"uagb-icon-list__source-wrap\"><svg xmlns=\"https:\/\/www.w3.org\/2000\/svg\" viewBox=\"0 0 512 512\"><path d=\"M256 0C114.6 0 0 114.6 0 256c0 141.4 114.6 256 256 256s256-114.6 256-256C512 114.6 397.4 0 256 0zM406.6 278.6l-103.1 103.1c-12.5 12.5-32.75 12.5-45.25 0s-12.5-32.75 0-45.25L306.8 288H128C110.3 288 96 273.7 96 256s14.31-32 32-32h178.8l-49.38-49.38c-12.5-12.5-12.5-32.75 0-45.25s32.75-12.5 45.25 0l103.1 103.1C414.6 241.3 416 251.1 416 256C416 260.9 414.6 270.7 406.6 278.6z\"><\/path><\/svg><\/span><span class=\"uagb-icon-list__label\">Solidaridad <\/span><\/div>\n\n\n\n<div class=\"wp-block-uagb-icon-list-child uagb-block-0f746576\"><span class=\"uagb-icon-list__source-wrap\"><svg xmlns=\"https:\/\/www.w3.org\/2000\/svg\" viewBox=\"0 0 512 512\"><path d=\"M256 0C114.6 0 0 114.6 0 256c0 141.4 114.6 256 256 256s256-114.6 256-256C512 114.6 397.4 0 256 0zM406.6 278.6l-103.1 103.1c-12.5 12.5-32.75 12.5-45.25 0s-12.5-32.75 0-45.25L306.8 288H128C110.3 288 96 273.7 96 256s14.31-32 32-32h178.8l-49.38-49.38c-12.5-12.5-12.5-32.75 0-45.25s32.75-12.5 45.25 0l103.1 103.1C414.6 241.3 416 251.1 416 256C416 260.9 414.6 270.7 406.6 278.6z\"><\/path><\/svg><\/span><span class=\"uagb-icon-list__label\">Empat\u00eda <\/span><\/div>\n<\/div><\/div>\n<\/div>\n\n\n\n<div class=\"wp-block-uagb-container uagb-block-a3e47ddd\">\n<figure class=\"wp-block-image size-large is-resized\"><img decoding=\"async\" loading=\"lazy\" width=\"1024\" height=\"1024\" src=\"http:\/\/joyte.com.mx\/wp-content\/uploads\/2024\/11\/Diseno-sin-titulo-16-1024x1024.png\" alt=\"\" class=\"wp-image-1722\" style=\"aspect-ratio:1;width:239px;height:auto\" srcset=\"https:\/\/joyte.com.mx\/wp-content\/uploads\/2024\/11\/Diseno-sin-titulo-16-1024x1024.png 1024w, https:\/\/joyte.com.mx\/wp-content\/uploads\/2024\/11\/Diseno-sin-titulo-16-300x300.png 300w, https:\/\/joyte.com.mx\/wp-content\/uploads\/2024\/11\/Diseno-sin-titulo-16-150x150.png 150w, https:\/\/joyte.com.mx\/wp-content\/uploads\/2024\/11\/Diseno-sin-titulo-16-768x768.png 768w, https:\/\/joyte.com.mx\/wp-content\/uploads\/2024\/11\/Diseno-sin-titulo-16.png 1080w\" sizes=\"(max-width: 1024px) 100vw, 1024px\" \/><\/figure>\n<\/div>\n\n\n\n<div class=\"wp-block-uagb-container uagb-block-a8e40767\">\n<figure class=\"wp-block-image size-large\"><img decoding=\"async\" loading=\"lazy\" width=\"1024\" height=\"678\" src=\"http:\/\/joyte.com.mx\/wp-content\/uploads\/2023\/09\/sweatshirts-sweaters-exhibition-428607-1024x678.jpg\" alt=\"sweatshirts, sweaters, exhibition-428607.jpg\" class=\"wp-image-1556\" srcset=\"https:\/\/joyte.com.mx\/wp-content\/uploads\/2023\/09\/sweatshirts-sweaters-exhibition-428607-1024x678.jpg 1024w, https:\/\/joyte.com.mx\/wp-content\/uploads\/2023\/09\/sweatshirts-sweaters-exhibition-428607-300x199.jpg 300w, https:\/\/joyte.com.mx\/wp-content\/uploads\/2023\/09\/sweatshirts-sweaters-exhibition-428607-768x508.jpg 768w, https:\/\/joyte.com.mx\/wp-content\/uploads\/2023\/09\/sweatshirts-sweaters-exhibition-428607.jpg 1280w\" sizes=\"(max-width: 1024px) 100vw, 1024px\" \/><\/figure>\n<\/div>\n<\/div><\/div>\n\n\n\n<div class=\"wp-block-uagb-container uagb-block-64adf34b alignfull uagb-is-root-container\">\n<figure class=\"wp-block-image size-full\"><img decoding=\"async\" loading=\"lazy\" width=\"960\" height=\"350\" src=\"http:\/\/joyte.com.mx\/wp-content\/uploads\/2023\/09\/costura.png\" alt=\"\" class=\"wp-image-1601\" srcset=\"https:\/\/joyte.com.mx\/wp-content\/uploads\/2023\/09\/costura.png 960w, https:\/\/joyte.com.mx\/wp-content\/uploads\/2023\/09\/costura-300x109.png 300w, https:\/\/joyte.com.mx\/wp-content\/uploads\/2023\/09\/costura-768x280.png 768w\" sizes=\"(max-width: 960px) 100vw, 960px\" \/><\/figure>\n\n\n\n<figure class=\"wp-block-image size-full\"><img decoding=\"async\" loading=\"lazy\" width=\"960\" height=\"350\" src=\"http:\/\/joyte.com.mx\/wp-content\/uploads\/2023\/09\/costura1.png\" alt=\"\" class=\"wp-image-1603\" srcset=\"https:\/\/joyte.com.mx\/wp-content\/uploads\/2023\/09\/costura1.png 960w, https:\/\/joyte.com.mx\/wp-content\/uploads\/2023\/09\/costura1-300x109.png 300w, https:\/\/joyte.com.mx\/wp-content\/uploads\/2023\/09\/costura1-768x280.png 768w\" sizes=\"(max-width: 960px) 100vw, 960px\" \/><\/figure>\n<\/div>\n\n\n\n<div class=\"wp-block-uagb-container uagb-block-9d56742c alignfull uagb-is-root-container\"><div class=\"uagb-container-inner-blocks-wrap\">\n<div class=\"wp-block-uagb-info-box uagb-block-a5550090 uagb-infobox__content-wrap  uagb-infobox-icon-above-title uagb-infobox-image-valign-top\"><div class=\"uagb-ifb-content\"><div class=\"uagb-ifb-image-content\"><img decoding=\"async\" src=\"http:\/\/joyte.com.mx\/wp-content\/uploads\/2023\/09\/sudadera-png.png\" alt=\"sudadera blanca\" width=\"160\" height=\"200\" loading=\"lazy\"\/><\/div><div class=\"uagb-ifb-title-wrap\"><span class=\"uagb-ifb-title-prefix\">Cont\u00e1ctanos<\/span><h2 class=\"uagb-ifb-title\">(56)1375 5141<\/h2><\/div><div class=\"uagb-ifb-separator\"><\/div><p class=\"uagb-ifb-desc\">Estamos para ayudarte<\/p><div class=\"uagb-ifb-button-wrapper wp-block-button\"><a href=\"\/\/joyte.com.mx\/index.php\/contact\/\" class=\"uagb-infobox-cta-link wp-block-button__link\" target=\"_self\" rel=\"noopener noreferrer\" onclick=\"return true;\" alt=\"\"><span class=\"uagb-inline-editing\">Contactanos<\/span><svg xmlns=\"https:\/\/www.w3.org\/2000\/svg\" viewBox=\"0 0 512 512\"><path d=\"M502.6 278.6l-128 128c-12.51 12.51-32.76 12.49-45.25 0c-12.5-12.5-12.5-32.75 0-45.25L402.8 288H32C14.31 288 0 273.7 0 255.1S14.31 224 32 224h370.8l-73.38-73.38c-12.5-12.5-12.5-32.75 0-45.25s32.75-12.5 45.25 0l128 128C515.1 245.9 515.1 266.1 502.6 278.6z\"><\/path><\/svg><\/a><\/div><\/div><\/div>\n<\/div><\/div>\n","protected":false},"excerpt":{"rendered":"<p>\u00bfQue hacemos? En JOITE nos dedicamos a la producci\u00f3n de sudaderas de la mas alta calidad 100% mexicanas, tanto la tela como la costura se producen y se fabrican en M\u00e9xico y lo hecho en M\u00e9xico esta bien hecho. Misi\u00f3n: Ayudar a nuestros clientes a alcanzar sus objetivos comerciales a trav\u00e9s de nuestros servicios de &hellip;<\/p>\n<p class=\"read-more\"> <a class=\"\" href=\"https:\/\/joyte.com.mx\/index.php\/nosotros\/\"> <span class=\"screen-reader-text\">Nosotros<\/span> Leer m\u00e1s &raquo;<\/a><\/p>\n","protected":false},"author":1,"featured_media":0,"parent":0,"menu_order":0,"comment_status":"closed","ping_status":"closed","template":"","meta":{"om_disable_all_campaigns":false,"_uag_custom_page_level_css":"","_monsterinsights_skip_tracking":false,"_monsterinsights_sitenote_active":false,"_monsterinsights_sitenote_note":"","_monsterinsights_sitenote_category":0,"site-sidebar-layout":"default","site-content-layout":"plain-container","ast-site-content-layout":"full-width-container","site-content-style":"unboxed","site-sidebar-style":"unboxed","ast-global-header-display":"","ast-banner-title-visibility":"","ast-main-header-display":"","ast-hfb-above-header-display":"","ast-hfb-below-header-display":"","ast-hfb-mobile-header-display":"","site-post-title":"disabled","ast-breadcrumbs-content":"","ast-featured-img":"","footer-sml-layout":"","theme-transparent-header-meta":"enabled","adv-header-id-meta":"","stick-header-meta":"","header-above-stick-meta":"","header-main-stick-meta":"","header-below-stick-meta":"","astra-migrate-meta-layouts":"set","footnotes":"","_joinchat":[]},"aioseo_notices":[],"uagb_featured_image_src":{"full":false,"thumbnail":false,"medium":false,"medium_large":false,"large":false,"1536x1536":false,"2048x2048":false},"uagb_author_info":{"display_name":"joyte.com.mx","author_link":"https:\/\/joyte.com.mx\/index.php\/author\/joyte-com-mx\/"},"uagb_comment_info":0,"uagb_excerpt":"\u00bfQue hacemos? En JOITE nos dedicamos a la producci\u00f3n de sudaderas de la mas alta calidad 100% mexicanas, tanto la tela como la costura se producen y se fabrican en M\u00e9xico y lo hecho en M\u00e9xico esta bien hecho. Misi\u00f3n: Ayudar a nuestros clientes a alcanzar sus objetivos comerciales a trav\u00e9s de nuestros servicios de&hellip;","_links":{"self":[{"href":"https:\/\/joyte.com.mx\/index.php\/wp-json\/wp\/v2\/pages\/32"}],"collection":[{"href":"https:\/\/joyte.com.mx\/index.php\/wp-json\/wp\/v2\/pages"}],"about":[{"href":"https:\/\/joyte.com.mx\/index.php\/wp-json\/wp\/v2\/types\/page"}],"author":[{"embeddable":true,"href":"https:\/\/joyte.com.mx\/index.php\/wp-json\/wp\/v2\/users\/1"}],"replies":[{"embeddable":true,"href":"https:\/\/joyte.com.mx\/index.php\/wp-json\/wp\/v2\/comments?post=32"}],"version-history":[{"count":27,"href":"https:\/\/joyte.com.mx\/index.php\/wp-json\/wp\/v2\/pages\/32\/revisions"}],"predecessor-version":[{"id":1819,"href":"https:\/\/joyte.com.mx\/index.php\/wp-json\/wp\/v2\/pages\/32\/revisions\/1819"}],"wp:attachment":[{"href":"https:\/\/joyte.com.mx\/index.php\/wp-json\/wp\/v2\/media?parent=32"}],"curies":[{"name":"wp","href":"https:\/\/api.w.org\/{rel}","templated":true}]}}