{"id":33,"date":"2020-08-20T13:13:55","date_gmt":"2020-08-20T13:13:55","guid":{"rendered":"https:\/\/joyte.com.mx\/index.php\/services\/"},"modified":"2026-03-03T23:41:32","modified_gmt":"2026-03-03T23:41:32","slug":"services","status":"publish","type":"page","link":"https:\/\/joyte.com.mx\/index.php\/services\/","title":{"rendered":"Modelos"},"content":{"rendered":"\n<div class=\"wp-block-uagb-container uagb-block-e251fbb0 alignfull uagb-is-root-container\"><div class=\"uagb-container-inner-blocks-wrap\">\n<div class=\"wp-block-cover alignfull is-light\"><span aria-hidden=\"true\" class=\"wp-block-cover__background has-background-dim-0 has-background-dim\"><\/span><img decoding=\"async\" loading=\"lazy\" width=\"1920\" height=\"1080\" class=\"wp-block-cover__image-background wp-image-1806\" alt=\"\" src=\"http:\/\/joyte.com.mx\/wp-content\/uploads\/2026\/03\/Copia-de-video-joite.png\" data-object-fit=\"cover\" srcset=\"https:\/\/joyte.com.mx\/wp-content\/uploads\/2026\/03\/Copia-de-video-joite.png 1920w, https:\/\/joyte.com.mx\/wp-content\/uploads\/2026\/03\/Copia-de-video-joite-300x169.png 300w, https:\/\/joyte.com.mx\/wp-content\/uploads\/2026\/03\/Copia-de-video-joite-1024x576.png 1024w, https:\/\/joyte.com.mx\/wp-content\/uploads\/2026\/03\/Copia-de-video-joite-768x432.png 768w, https:\/\/joyte.com.mx\/wp-content\/uploads\/2026\/03\/Copia-de-video-joite-1536x864.png 1536w\" sizes=\"(max-width: 1920px) 100vw, 1920px\" \/><div class=\"wp-block-cover__inner-container is-layout-flow wp-block-cover-is-layout-flow\">\n<div class=\"wp-block-uagb-info-box uagb-block-a2cb6464 uagb-infobox__content-wrap  uagb-infobox-icon-above-title uagb-infobox-image-valign-top\"><div class=\"uagb-ifb-content\"><div class=\"uagb-ifb-title-wrap\"><span class=\"uagb-ifb-title-prefix\">JOITE<\/span><h1 class=\"uagb-ifb-title\">Modelos<\/h1><\/div><\/div><\/div>\n<\/div><\/div>\n<\/div><\/div>\n\n\n\n<div class=\"wp-block-uagb-container uagb-block-50882ba7 alignfull uagb-is-root-container\"><div class=\"uagb-container-inner-blocks-wrap\">\n<div class=\"wp-block-uagb-container uagb-block-a9fde0bd\">\n<div class=\"wp-block-uagb-container uagb-block-ed798c8d\">\n<div class=\"wp-block-uagb-info-box uagb-block-78daed8c uagb-infobox__content-wrap  uagb-infobox-icon-above-title uagb-infobox-image-valign-top\"><div class=\"uagb-ifb-content\"><div class=\"uagb-ifb-title-wrap\"><span class=\"uagb-ifb-title-prefix\">01.<\/span><h2 class=\"uagb-ifb-title\">Sudadera de linea<\/h2><\/div><\/div><\/div>\n<\/div>\n\n\n\n<div class=\"wp-block-uagb-container uagb-block-979f28ef\">\n<div class=\"wp-block-uagb-info-box uagb-block-e9a750a4 uagb-infobox__content-wrap  uagb-infobox-icon-above-title uagb-infobox-image-valign-top\"><div class=\"uagb-ifb-content\"><div class=\"uagb-ifb-title-wrap\"><\/div><div class=\"uagb-ifb-separator\"><\/div><p class=\"uagb-ifb-desc\">Composici\u00f3n&nbsp;<strong>60% algod\u00f3n \/ 40% poli\u00e9ster<\/strong>.<br>Equilibrio entre suavidad y resistencia, ideal para uso continuo y procesos de personalizaci\u00f3n.  <br><br><strong>Precio: <\/strong>$200 XL: $220<br><strong>Mayoreo: <\/strong>$180 XL: $200<\/p><\/div><\/div>\n<\/div>\n\n\n\n<div class=\"wp-block-uagb-container uagb-block-a3c4df3e\">\n<figure class=\"wp-block-image size-large is-resized\"><img decoding=\"async\" loading=\"lazy\" width=\"1024\" height=\"1024\" src=\"https:\/\/joyte.com.mx\/wp-content\/uploads\/2026\/02\/1-1024x1024.png\" alt=\"\" class=\"wp-image-1793\" style=\"object-fit:cover;width:294px;height:295px\" srcset=\"https:\/\/joyte.com.mx\/wp-content\/uploads\/2026\/02\/1-1024x1024.png 1024w, https:\/\/joyte.com.mx\/wp-content\/uploads\/2026\/02\/1-300x300.png 300w, https:\/\/joyte.com.mx\/wp-content\/uploads\/2026\/02\/1-150x150.png 150w, https:\/\/joyte.com.mx\/wp-content\/uploads\/2026\/02\/1-768x768.png 768w, https:\/\/joyte.com.mx\/wp-content\/uploads\/2026\/02\/1.png 1080w\" sizes=\"(max-width: 1024px) 100vw, 1024px\" \/><\/figure>\n<\/div>\n<\/div>\n\n\n\n<div class=\"wp-block-uagb-container uagb-block-3f51d342\">\n<div class=\"wp-block-uagb-container uagb-block-68588d9b\">\n<div class=\"wp-block-uagb-info-box uagb-block-53214a1e uagb-infobox__content-wrap  uagb-infobox-icon-above-title uagb-infobox-image-valign-top\"><div class=\"uagb-ifb-content\"><div class=\"uagb-ifb-title-wrap\"><span class=\"uagb-ifb-title-prefix\">02.\u200b<\/span><h2 class=\"uagb-ifb-title\">Sudadera con cierre<\/h2><\/div><\/div><\/div>\n<\/div>\n\n\n\n<div class=\"wp-block-uagb-container uagb-block-c34d73ea\">\n<div class=\"wp-block-uagb-info-box uagb-block-82b4d3c5 uagb-infobox__content-wrap  uagb-infobox-icon-above-title uagb-infobox-image-valign-top\"><div class=\"uagb-ifb-content\"><div class=\"uagb-ifb-title-wrap\"><\/div><div class=\"uagb-ifb-separator\"><\/div><p class=\"uagb-ifb-desc\">Composici\u00f3n&nbsp;<strong>60% algod\u00f3n \/ 40% poli\u00e9ster<\/strong>.<br>Dise\u00f1o funcional con cierre frontal, permite mayor versatilidad en aplicaci\u00f3n de gr\u00e1ficos.<br><br><strong>Precio: <\/strong>$230 XL: $240<br><strong>Mayoreo: <\/strong>$220 XL: $230<\/p><\/div><\/div>\n<\/div>\n\n\n\n<div class=\"wp-block-uagb-container uagb-block-558df612\">\n<figure class=\"wp-block-image size-large\"><img decoding=\"async\" loading=\"lazy\" width=\"1024\" height=\"1024\" src=\"https:\/\/joyte.com.mx\/wp-content\/uploads\/2026\/02\/2-1024x1024.png\" alt=\"\" class=\"wp-image-1794\" srcset=\"https:\/\/joyte.com.mx\/wp-content\/uploads\/2026\/02\/2-1024x1024.png 1024w, https:\/\/joyte.com.mx\/wp-content\/uploads\/2026\/02\/2-300x300.png 300w, https:\/\/joyte.com.mx\/wp-content\/uploads\/2026\/02\/2-150x150.png 150w, https:\/\/joyte.com.mx\/wp-content\/uploads\/2026\/02\/2-768x768.png 768w, https:\/\/joyte.com.mx\/wp-content\/uploads\/2026\/02\/2.png 1080w\" sizes=\"(max-width: 1024px) 100vw, 1024px\" \/><\/figure>\n<\/div>\n<\/div>\n\n\n\n<div class=\"wp-block-uagb-container uagb-block-bca63916\">\n<div class=\"wp-block-uagb-container uagb-block-8b360954\">\n<div class=\"wp-block-uagb-info-box uagb-block-e397215c uagb-infobox__content-wrap  uagb-infobox-icon-above-title uagb-infobox-image-valign-top\"><div class=\"uagb-ifb-content\"><div class=\"uagb-ifb-title-wrap\"><span class=\"uagb-ifb-title-prefix\">03.\u200b<\/span><h2 class=\"uagb-ifb-title\">Cuello redondo <\/h2><\/div><\/div><\/div>\n<\/div>\n\n\n\n<div class=\"wp-block-uagb-container uagb-block-9478ff96\">\n<div class=\"wp-block-uagb-info-box uagb-block-33b8d0d0 uagb-infobox__content-wrap  uagb-infobox-icon-above-title uagb-infobox-image-valign-top\"><div class=\"uagb-ifb-content\"><div class=\"uagb-ifb-title-wrap\"><\/div><div class=\"uagb-ifb-separator\"><\/div><p class=\"uagb-ifb-desc\">Composici\u00f3n&nbsp;<strong>60% algod\u00f3n \/ 40% poli\u00e9ster<\/strong>.<br>Silueta limpia y vers\u00e1til, con buena fijaci\u00f3n para impresi\u00f3n y bordado.<br><br><strong>Precio: <\/strong>$160 XL: $170<br><strong>Mayoreo: <\/strong>$150 XL: $160<\/p><\/div><\/div>\n<\/div>\n\n\n\n<div class=\"wp-block-uagb-container uagb-block-c84ae372\">\n<figure class=\"wp-block-image size-large is-resized\"><img decoding=\"async\" loading=\"lazy\" width=\"1024\" height=\"1024\" src=\"https:\/\/joyte.com.mx\/wp-content\/uploads\/2026\/02\/3-1024x1024.png\" alt=\"\" class=\"wp-image-1795\" style=\"aspect-ratio:1;object-fit:contain;width:363px;height:auto\" srcset=\"https:\/\/joyte.com.mx\/wp-content\/uploads\/2026\/02\/3-1024x1024.png 1024w, https:\/\/joyte.com.mx\/wp-content\/uploads\/2026\/02\/3-300x300.png 300w, https:\/\/joyte.com.mx\/wp-content\/uploads\/2026\/02\/3-150x150.png 150w, https:\/\/joyte.com.mx\/wp-content\/uploads\/2026\/02\/3-768x768.png 768w, https:\/\/joyte.com.mx\/wp-content\/uploads\/2026\/02\/3.png 1080w\" sizes=\"(max-width: 1024px) 100vw, 1024px\" \/><\/figure>\n<\/div>\n<\/div>\n\n\n\n<div class=\"wp-block-uagb-container uagb-block-546313b6\">\n<div class=\"wp-block-uagb-container uagb-block-9ad6c7b2\">\n<div class=\"wp-block-uagb-info-box uagb-block-ec90c144 uagb-infobox__content-wrap  uagb-infobox-icon-above-title uagb-infobox-image-valign-top\"><div class=\"uagb-ifb-content\"><div class=\"uagb-ifb-title-wrap\"><span class=\"uagb-ifb-title-prefix\">04.\u200b<\/span><h2 class=\"uagb-ifb-title\">Sudadera para ni\u00f1os<\/h2><\/div><\/div><\/div>\n<\/div>\n\n\n\n<div class=\"wp-block-uagb-container uagb-block-b361430f\">\n<div class=\"wp-block-uagb-info-box uagb-block-a2158a20 uagb-infobox__content-wrap  uagb-infobox-icon-above-title uagb-infobox-image-valign-top\"><div class=\"uagb-ifb-content\"><div class=\"uagb-ifb-title-wrap\"><\/div><div class=\"uagb-ifb-separator\"><\/div><p class=\"uagb-ifb-desc\">Composici\u00f3n&nbsp;<strong>60% algod\u00f3n \/ 40% poli\u00e9ster<\/strong>.<br>Suave al tacto, resistente al uso diario.<br><br><strong>Precio: <\/strong>$140 XL: $150<br><strong>Mayoreo: <\/strong>$130 XL: $140<\/p><\/div><\/div>\n<\/div>\n\n\n\n<div class=\"wp-block-uagb-container uagb-block-edbf7c2a\">\n<figure class=\"wp-block-image size-large\"><img decoding=\"async\" loading=\"lazy\" width=\"1080\" height=\"1080\" src=\"https:\/\/joyte.com.mx\/wp-content\/uploads\/2026\/02\/4-1024x1024.png\" alt=\"\" class=\"wp-image-1796\" srcset=\"https:\/\/joyte.com.mx\/wp-content\/uploads\/2026\/02\/4-1024x1024.png 1024w, https:\/\/joyte.com.mx\/wp-content\/uploads\/2026\/02\/4-300x300.png 300w, https:\/\/joyte.com.mx\/wp-content\/uploads\/2026\/02\/4-150x150.png 150w, https:\/\/joyte.com.mx\/wp-content\/uploads\/2026\/02\/4-768x768.png 768w, https:\/\/joyte.com.mx\/wp-content\/uploads\/2026\/02\/4.png 1080w\" sizes=\"(max-width: 1080px) 100vw, 1080px\" \/><\/figure>\n<\/div>\n<\/div>\n<\/div><\/div>\n\n\n\n<div class=\"wp-block-uagb-container uagb-block-930de109 alignfull uagb-is-root-container\"><div class=\"uagb-container-inner-blocks-wrap\">\n<div class=\"wp-block-uagb-info-box uagb-block-76594938 uagb-infobox__content-wrap  uagb-infobox-icon-above-title uagb-infobox-image-valign-top\"><div class=\"uagb-ifb-content\"><div class=\"uagb-ifb-title-wrap\"><span class=\"uagb-ifb-title-prefix\">Servicios adicionales <\/span><h2 class=\"uagb-ifb-title\">\u00bfQue ofrecemos? <\/h2><\/div><\/div><\/div>\n\n\n\n<div class=\"wp-block-uagb-container uagb-block-815001fc\">\n<div class=\"wp-block-uagb-container uagb-block-36b7f6d6\">\n<div class=\"wp-block-uagb-icon-list uagb-block-7fc96db0\"><div class=\"uagb-icon-list__wrap\">\n<div class=\"wp-block-uagb-icon-list-child uagb-block-3716b564\"><a target=\"_self\" aria-label=\"Precios de fabrica\" rel=\"noopener noreferrer\" href=\"#\"> <\/a><span class=\"uagb-icon-list__source-wrap\"><svg xmlns=\"https:\/\/www.w3.org\/2000\/svg\" viewBox=\"0 0 512 512\"><path d=\"M0 256C0 114.6 114.6 0 256 0C397.4 0 512 114.6 512 256C512 397.4 397.4 512 256 512C114.6 512 0 397.4 0 256zM371.8 211.8C382.7 200.9 382.7 183.1 371.8 172.2C360.9 161.3 343.1 161.3 332.2 172.2L224 280.4L179.8 236.2C168.9 225.3 151.1 225.3 140.2 236.2C129.3 247.1 129.3 264.9 140.2 275.8L204.2 339.8C215.1 350.7 232.9 350.7 243.8 339.8L371.8 211.8z\"><\/path><\/svg><\/span><span class=\"uagb-icon-list__label\">Precios de fabrica<\/span><\/div>\n\n\n\n<div class=\"wp-block-uagb-icon-list-child uagb-block-4367c4e0\"><a target=\"_self\" aria-label=\"Env\u00edos a todo M\u00e9xico\" rel=\"noopener noreferrer\" href=\"#\"> <\/a><span class=\"uagb-icon-list__source-wrap\"><svg xmlns=\"https:\/\/www.w3.org\/2000\/svg\" viewBox=\"0 0 512 512\"><path d=\"M0 256C0 114.6 114.6 0 256 0C397.4 0 512 114.6 512 256C512 397.4 397.4 512 256 512C114.6 512 0 397.4 0 256zM371.8 211.8C382.7 200.9 382.7 183.1 371.8 172.2C360.9 161.3 343.1 161.3 332.2 172.2L224 280.4L179.8 236.2C168.9 225.3 151.1 225.3 140.2 236.2C129.3 247.1 129.3 264.9 140.2 275.8L204.2 339.8C215.1 350.7 232.9 350.7 243.8 339.8L371.8 211.8z\"><\/path><\/svg><\/span><span class=\"uagb-icon-list__label\">Env\u00edos a todo M\u00e9xico<\/span><\/div>\n\n\n\n<div class=\"wp-block-uagb-icon-list-child uagb-block-463f46e4\"><a target=\"_self\" aria-label=\"Descuentos por volumen\" rel=\"noopener noreferrer\" href=\"#\"> <\/a><span class=\"uagb-icon-list__source-wrap\"><svg xmlns=\"https:\/\/www.w3.org\/2000\/svg\" viewBox=\"0 0 512 512\"><path d=\"M0 256C0 114.6 114.6 0 256 0C397.4 0 512 114.6 512 256C512 397.4 397.4 512 256 512C114.6 512 0 397.4 0 256zM371.8 211.8C382.7 200.9 382.7 183.1 371.8 172.2C360.9 161.3 343.1 161.3 332.2 172.2L224 280.4L179.8 236.2C168.9 225.3 151.1 225.3 140.2 236.2C129.3 247.1 129.3 264.9 140.2 275.8L204.2 339.8C215.1 350.7 232.9 350.7 243.8 339.8L371.8 211.8z\"><\/path><\/svg><\/span><span class=\"uagb-icon-list__label\">Descuentos por volumen<\/span><\/div>\n<\/div><\/div>\n<\/div>\n\n\n\n<div class=\"wp-block-uagb-container uagb-block-ff535a72\">\n<div class=\"wp-block-uagb-icon-list uagb-block-82dfd57e\"><div class=\"uagb-icon-list__wrap\">\n<div class=\"wp-block-uagb-icon-list-child uagb-block-0066e82b\"><a target=\"_self\" aria-label=\"Manejamos todas las tallas\" rel=\"noopener noreferrer\" href=\"#\"> <\/a><span class=\"uagb-icon-list__source-wrap\"><svg xmlns=\"https:\/\/www.w3.org\/2000\/svg\" viewBox=\"0 0 512 512\"><path d=\"M0 256C0 114.6 114.6 0 256 0C397.4 0 512 114.6 512 256C512 397.4 397.4 512 256 512C114.6 512 0 397.4 0 256zM371.8 211.8C382.7 200.9 382.7 183.1 371.8 172.2C360.9 161.3 343.1 161.3 332.2 172.2L224 280.4L179.8 236.2C168.9 225.3 151.1 225.3 140.2 236.2C129.3 247.1 129.3 264.9 140.2 275.8L204.2 339.8C215.1 350.7 232.9 350.7 243.8 339.8L371.8 211.8z\"><\/path><\/svg><\/span><span class=\"uagb-icon-list__label\">Manejamos todas las tallas<\/span><\/div>\n\n\n\n<div class=\"wp-block-uagb-icon-list-child uagb-block-f4386879\"><a target=\"_self\" aria-label=\"Entrega inmediata\u200b\" rel=\"noopener noreferrer\" href=\"#\"> <\/a><span class=\"uagb-icon-list__source-wrap\"><svg xmlns=\"https:\/\/www.w3.org\/2000\/svg\" viewBox=\"0 0 512 512\"><path d=\"M0 256C0 114.6 114.6 0 256 0C397.4 0 512 114.6 512 256C512 397.4 397.4 512 256 512C114.6 512 0 397.4 0 256zM371.8 211.8C382.7 200.9 382.7 183.1 371.8 172.2C360.9 161.3 343.1 161.3 332.2 172.2L224 280.4L179.8 236.2C168.9 225.3 151.1 225.3 140.2 236.2C129.3 247.1 129.3 264.9 140.2 275.8L204.2 339.8C215.1 350.7 232.9 350.7 243.8 339.8L371.8 211.8z\"><\/path><\/svg><\/span><span class=\"uagb-icon-list__label\">Entrega inmediata\u200b<\/span><\/div>\n<\/div><\/div>\n<\/div>\n\n\n\n<div class=\"wp-block-uagb-container uagb-block-c8c5e176\">\n<div class=\"wp-block-uagb-icon-list uagb-block-e1655e5d\"><div class=\"uagb-icon-list__wrap\">\n<div class=\"wp-block-uagb-icon-list-child uagb-block-fa9e7535\"><a target=\"_self\" aria-label=\"Colores disponibles\" rel=\"noopener noreferrer\" href=\"#\"> <\/a><span class=\"uagb-icon-list__source-wrap\"><svg xmlns=\"https:\/\/www.w3.org\/2000\/svg\" viewBox=\"0 0 512 512\"><path d=\"M0 256C0 114.6 114.6 0 256 0C397.4 0 512 114.6 512 256C512 397.4 397.4 512 256 512C114.6 512 0 397.4 0 256zM371.8 211.8C382.7 200.9 382.7 183.1 371.8 172.2C360.9 161.3 343.1 161.3 332.2 172.2L224 280.4L179.8 236.2C168.9 225.3 151.1 225.3 140.2 236.2C129.3 247.1 129.3 264.9 140.2 275.8L204.2 339.8C215.1 350.7 232.9 350.7 243.8 339.8L371.8 211.8z\"><\/path><\/svg><\/span><span class=\"uagb-icon-list__label\">Colores disponibles<\/span><\/div>\n<\/div><\/div>\n<\/div>\n<\/div>\n<\/div><\/div>\n\n\n\n<div class=\"wp-block-uagb-container uagb-block-7990e70c alignfull uagb-is-root-container\"><div class=\"uagb-container-inner-blocks-wrap\">\n<div class=\"wp-block-uagb-info-box uagb-block-6a4cb335 uagb-infobox__content-wrap  uagb-infobox-icon-above-title uagb-infobox-image-valign-top\"><div class=\"uagb-ifb-content\"><div class=\"uagb-ifb-image-content\"><img decoding=\"async\" src=\"http:\/\/joyte.com.mx\/wp-content\/uploads\/2023\/09\/cropped-Diseno-sin-titulo84.png\" alt=\"logo joite\" width=\"271\" height=\"163\" loading=\"lazy\"\/><\/div><div class=\"uagb-ifb-title-wrap\"><span class=\"uagb-ifb-title-prefix\">Contactanos<\/span><h2 class=\"uagb-ifb-title\">(56)1375 5141<\/h2><\/div><div class=\"uagb-ifb-separator\"><\/div><p class=\"uagb-ifb-desc\">Estamos para ayudarte.<\/p><div class=\"uagb-ifb-button-wrapper wp-block-button\"><a href=\"\/\/joyte.com.mx\/index.php\/contact\/\" class=\"uagb-infobox-cta-link wp-block-button__link\" target=\"_self\" rel=\"noopener noreferrer\" onclick=\"return true;\" alt=\"\"><span class=\"uagb-inline-editing\">Contacto<\/span><svg xmlns=\"https:\/\/www.w3.org\/2000\/svg\" viewBox=\"0 0 512 512\"><path d=\"M502.6 278.6l-128 128c-12.51 12.51-32.76 12.49-45.25 0c-12.5-12.5-12.5-32.75 0-45.25L402.8 288H32C14.31 288 0 273.7 0 255.1S14.31 224 32 224h370.8l-73.38-73.38c-12.5-12.5-12.5-32.75 0-45.25s32.75-12.5 45.25 0l128 128C515.1 245.9 515.1 266.1 502.6 278.6z\"><\/path><\/svg><\/a><\/div><\/div><\/div>\n<\/div><\/div>\n","protected":false},"excerpt":{"rendered":"","protected":false},"author":1,"featured_media":0,"parent":0,"menu_order":0,"comment_status":"closed","ping_status":"closed","template":"","meta":{"om_disable_all_campaigns":false,"_uag_custom_page_level_css":"","_monsterinsights_skip_tracking":false,"_monsterinsights_sitenote_active":false,"_monsterinsights_sitenote_note":"","_monsterinsights_sitenote_category":0,"site-sidebar-layout":"default","site-content-layout":"plain-container","ast-site-content-layout":"normal-width-container","site-content-style":"unboxed","site-sidebar-style":"unboxed","ast-global-header-display":"","ast-banner-title-visibility":"","ast-main-header-display":"","ast-hfb-above-header-display":"","ast-hfb-below-header-display":"","ast-hfb-mobile-header-display":"","site-post-title":"disabled","ast-breadcrumbs-content":"","ast-featured-img":"","footer-sml-layout":"","theme-transparent-header-meta":"enabled","adv-header-id-meta":"","stick-header-meta":"","header-above-stick-meta":"","header-main-stick-meta":"","header-below-stick-meta":"","astra-migrate-meta-layouts":"set","footnotes":"","_joinchat":[]},"aioseo_notices":[],"uagb_featured_image_src":{"full":false,"thumbnail":false,"medium":false,"medium_large":false,"large":false,"1536x1536":false,"2048x2048":false},"uagb_author_info":{"display_name":"joyte.com.mx","author_link":"https:\/\/joyte.com.mx\/index.php\/author\/joyte-com-mx\/"},"uagb_comment_info":0,"uagb_excerpt":null,"_links":{"self":[{"href":"https:\/\/joyte.com.mx\/index.php\/wp-json\/wp\/v2\/pages\/33"}],"collection":[{"href":"https:\/\/joyte.com.mx\/index.php\/wp-json\/wp\/v2\/pages"}],"about":[{"href":"https:\/\/joyte.com.mx\/index.php\/wp-json\/wp\/v2\/types\/page"}],"author":[{"embeddable":true,"href":"https:\/\/joyte.com.mx\/index.php\/wp-json\/wp\/v2\/users\/1"}],"replies":[{"embeddable":true,"href":"https:\/\/joyte.com.mx\/index.php\/wp-json\/wp\/v2\/comments?post=33"}],"version-history":[{"count":37,"href":"https:\/\/joyte.com.mx\/index.php\/wp-json\/wp\/v2\/pages\/33\/revisions"}],"predecessor-version":[{"id":1820,"href":"https:\/\/joyte.com.mx\/index.php\/wp-json\/wp\/v2\/pages\/33\/revisions\/1820"}],"wp:attachment":[{"href":"https:\/\/joyte.com.mx\/index.php\/wp-json\/wp\/v2\/media?parent=33"}],"curies":[{"name":"wp","href":"https:\/\/api.w.org\/{rel}","templated":true}]}}